{"id":1906,"date":"2025-09-01T07:20:00","date_gmt":"2025-09-01T07:20:00","guid":{"rendered":"https:\/\/jetb.eu\/?page_id=1906"},"modified":"2025-09-18T09:04:08","modified_gmt":"2025-09-18T09:04:08","slug":"european-sellers","status":"publish","type":"page","link":"https:\/\/jetb.eu\/de\/european-sellers\/","title":{"rendered":"Europ\u00e4ische Verk\u00e4ufer"},"content":{"rendered":"<div data-elementor-type=\"wp-page\" data-elementor-id=\"1906\" class=\"elementor elementor-1906\">\n\t\t\t\t<div class=\"elementor-element elementor-element-uga3wi4 e-flex e-con-boxed e-con e-parent\" data-id=\"uga3wi4\" data-element_type=\"container\" data-settings=\"{&quot;background_background&quot;:&quot;classic&quot;}\">\n\t\t\t\t\t<div class=\"e-con-inner\">\n\t\t<div class=\"elementor-element elementor-element-8695738 e-con-full e-flex e-con e-child\" data-id=\"8695738\" data-element_type=\"container\">\n\t\t\t\t<div class=\"elementor-element elementor-element-2646c9c elementor-widget elementor-widget-heading\" data-id=\"2646c9c\" data-element_type=\"widget\" data-widget_type=\"heading.default\">\n\t\t\t\t<div class=\"elementor-widget-container\">\n\t\t\t\t\t<h1 class=\"elementor-heading-title elementor-size-default\">Erweitern Sie Ihren Markt nach Japan<\/h1>\t\t\t\t<\/div>\n\t\t\t\t<\/div>\n\t\t\t\t<\/div>\n\t\t\t\t\t<\/div>\n\t\t\t\t<\/div>\n\t\t<div class=\"elementor-element elementor-element-fuk7b90 e-flex e-con-boxed e-con e-parent\" data-id=\"fuk7b90\" data-element_type=\"container\">\n\t\t\t\t\t<div class=\"e-con-inner\">\n\t\t<div class=\"elementor-element elementor-element-0c682a2 e-con-full e-flex e-con e-child\" data-id=\"0c682a2\" data-element_type=\"container\">\n\t\t\t\t<div class=\"elementor-element elementor-element-f095111 elementor-widget elementor-widget-heading\" data-id=\"f095111\" data-element_type=\"widget\" data-widget_type=\"heading.default\">\n\t\t\t\t<div class=\"elementor-widget-container\">\n\t\t\t\t\t<h2 class=\"elementor-heading-title elementor-size-default\">Erschlie\u00dfen Sie neue M\u00f6glichkeiten in einem der dynamischsten M\u00e4rkte der Welt.<\/h2>\t\t\t\t<\/div>\n\t\t\t\t<\/div>\n\t\t\t\t<div class=\"elementor-element elementor-element-cc91ee5 elementor-widget elementor-widget-image\" data-id=\"cc91ee5\" data-element_type=\"widget\" data-widget_type=\"image.default\">\n\t\t\t\t<div class=\"elementor-widget-container\">\n\t\t\t\t\t\t\t\t\t\t\t\t\t\t\t<img fetchpriority=\"high\" decoding=\"async\" width=\"1024\" height=\"1024\" src=\"https:\/\/jetb.eu\/wp-content\/uploads\/2016\/02\/WhatsApp-Image-2025-09-18-at-14.26.38.jpeg\" class=\"attachment-full size-full wp-image-105\" alt=\"\" srcset=\"https:\/\/jetb.eu\/wp-content\/uploads\/2016\/02\/WhatsApp-Image-2025-09-18-at-14.26.38.jpeg 1024w, https:\/\/jetb.eu\/wp-content\/uploads\/2016\/02\/WhatsApp-Image-2025-09-18-at-14.26.38-300x300.jpeg 300w, https:\/\/jetb.eu\/wp-content\/uploads\/2016\/02\/WhatsApp-Image-2025-09-18-at-14.26.38-150x150.jpeg 150w, https:\/\/jetb.eu\/wp-content\/uploads\/2016\/02\/WhatsApp-Image-2025-09-18-at-14.26.38-12x12.jpeg 12w\" sizes=\"(max-width: 1024px) 100vw, 1024px\" \/>\t\t\t\t\t\t\t\t\t\t\t\t\t\t\t<\/div>\n\t\t\t\t<\/div>\n\t\t\t\t<\/div>\n\t\t<div class=\"elementor-element elementor-element-b29abee e-con-full e-flex e-con e-child\" data-id=\"b29abee\" data-element_type=\"container\">\n\t\t\t\t<div class=\"elementor-element elementor-element-5990b83 elementor-widget elementor-widget-text-editor\" data-id=\"5990b83\" data-element_type=\"widget\" data-widget_type=\"text-editor.default\">\n\t\t\t\t<div class=\"elementor-widget-container\">\n\t\t\t\t\t\t\t\t\tBei JETB GmbH unterst\u00fctzen wir europ\u00e4ische Unternehmen dabei, ihre Produkte auf den japanischen Markt zu bringen \u2013 effektiv, effizient und mit kultureller Pr\u00e4zision. Von der ersten Marktforschung bis hin zur Suche nach den richtigen Vertriebspartnern begleiten wir Sie bei jedem Schritt Ihres Markteintritts.\n<br><br>\nGanz gleich, ob Sie ein neues Produkt auf den Markt bringen oder ein bestehendes Produkt skalieren m\u00f6chten \u2013 dank unserer lokalen Expertise und unserem starken Netzwerk in Japan ist der langfristige Erfolg Ihrer Marke gesichert.\t\t\t\t\t\t\t\t<\/div>\n\t\t\t\t<\/div>\n\t\t\t\t<\/div>\n\t\t\t\t\t<\/div>\n\t\t\t\t<\/div>\n\t\t<div class=\"elementor-element elementor-element-45ec516 e-flex e-con-boxed e-con e-parent\" data-id=\"45ec516\" data-element_type=\"container\">\n\t\t\t\t\t<div class=\"e-con-inner\">\n\t\t\t\t<div class=\"elementor-element elementor-element-581c287 elementor-widget elementor-widget-heading\" data-id=\"581c287\" data-element_type=\"widget\" data-widget_type=\"heading.default\">\n\t\t\t\t<div class=\"elementor-widget-container\">\n\t\t\t\t\t<h2 class=\"elementor-heading-title elementor-size-default\">Unsere Dienstleistungen<\/h2>\t\t\t\t<\/div>\n\t\t\t\t<\/div>\n\t\t\t\t<div class=\"elementor-element elementor-element-e2e60c5 elementor-widget elementor-widget-text-editor\" data-id=\"e2e60c5\" data-element_type=\"widget\" data-widget_type=\"text-editor.default\">\n\t\t\t\t<div class=\"elementor-widget-container\">\n\t\t\t\t\t\t\t\t\t<ul><li data-start=\"743\" data-end=\"795\"><p data-start=\"745\" data-end=\"795\">Eingehende Marktanalyse und Produktpositionierung<\/p><\/li><li data-start=\"796\" data-end=\"842\"><p data-start=\"798\" data-end=\"842\">Regulatorische Beratung und Unterst\u00fctzung bei der Einhaltung von Vorschriften<\/p><\/li><li data-start=\"843\" data-end=\"901\"><p data-start=\"845\" data-end=\"901\">Lokalisierung von Verpackung, Branding und Kommunikation<\/p><\/li><li data-start=\"902\" data-end=\"955\"><p data-start=\"904\" data-end=\"955\">Zugang zu vertrauensw\u00fcrdigen H\u00e4ndlern und Vertriebskan\u00e4len<\/p><\/li><li data-start=\"956\" data-end=\"1000\"><p data-start=\"958\" data-end=\"1000\">Laufende Unterst\u00fctzung und Leistungs\u00fcberwachung<\/p><\/li><\/ul>\t\t\t\t\t\t\t\t<\/div>\n\t\t\t\t<\/div>\n\t\t\t\t\t<\/div>\n\t\t\t\t<\/div>\n\t\t<div class=\"elementor-element elementor-element-a2a4792 e-flex e-con-boxed e-con e-parent\" data-id=\"a2a4792\" data-element_type=\"container\">\n\t\t\t\t\t<div class=\"e-con-inner\">\n\t\t\t\t<div class=\"elementor-element elementor-element-bd2615e elementor-widget elementor-widget-heading\" data-id=\"bd2615e\" data-element_type=\"widget\" data-widget_type=\"heading.default\">\n\t\t\t\t<div class=\"elementor-widget-container\">\n\t\t\t\t\t<h2 class=\"elementor-heading-title elementor-size-default\">Erfolgreiche Kooperationen<\/h2>\t\t\t\t<\/div>\n\t\t\t\t<\/div>\n\t\t\t\t<div class=\"elementor-element elementor-element-a01a2c7 elementor-widget elementor-widget-heading\" data-id=\"a01a2c7\" data-element_type=\"widget\" data-widget_type=\"heading.default\">\n\t\t\t\t<div class=\"elementor-widget-container\">\n\t\t\t\t\t<h3 class=\"elementor-heading-title elementor-size-default\">Sekels GmbH<\/h3>\t\t\t\t<\/div>\n\t\t\t\t<\/div>\n\t\t\t\t<div class=\"elementor-element elementor-element-9792fb3 elementor-widget elementor-widget-text-editor\" data-id=\"9792fb3\" data-element_type=\"widget\" data-widget_type=\"text-editor.default\">\n\t\t\t\t<div class=\"elementor-widget-container\">\n\t\t\t\t\t\t\t\t\t<ul><li>Erstellung einer japanischen Website f\u00fcr die Produkte: <a href=\"https:\/\/jp.sekels.de\/\" target=\"_blank\" rel=\"noopener\">https:\/\/jp.sekels.de\/<\/a><\/li><li>Erfolgreiche Ausstellung in Japan<\/li><\/ul>\t\t\t\t\t\t\t\t<\/div>\n\t\t\t\t<\/div>\n\t\t\t\t<div class=\"elementor-element elementor-element-7917ff0 elementor-widget elementor-widget-heading\" data-id=\"7917ff0\" data-element_type=\"widget\" data-widget_type=\"heading.default\">\n\t\t\t\t<div class=\"elementor-widget-container\">\n\t\t\t\t\t<h3 class=\"elementor-heading-title elementor-size-default\">PSI Instruments srl<\/h3>\t\t\t\t<\/div>\n\t\t\t\t<\/div>\n\t\t\t\t<div class=\"elementor-element elementor-element-0f1cd64 elementor-widget elementor-widget-text-editor\" data-id=\"0f1cd64\" data-element_type=\"widget\" data-widget_type=\"text-editor.default\">\n\t\t\t\t<div class=\"elementor-widget-container\">\n\t\t\t\t\t\t\t\t\t<ul><li>Marketing f\u00fcr PSI instruments in Japan<\/li><\/ul>\t\t\t\t\t\t\t\t<\/div>\n\t\t\t\t<\/div>\n\t\t\t\t<div class=\"elementor-element elementor-element-b515a9f elementor-hidden-desktop elementor-hidden-tablet elementor-hidden-mobile elementor-widget elementor-widget-heading\" data-id=\"b515a9f\" data-element_type=\"widget\" data-widget_type=\"heading.default\">\n\t\t\t\t<div class=\"elementor-widget-container\">\n\t\t\t\t\t<h3 class=\"elementor-heading-title elementor-size-default\">PSI (Europa) undTiption (Japan)<\/h3>\t\t\t\t<\/div>\n\t\t\t\t<\/div>\n\t\t\t\t<div class=\"elementor-element elementor-element-2629fd1 elementor-hidden-desktop elementor-hidden-tablet elementor-hidden-mobile elementor-widget elementor-widget-text-editor\" data-id=\"2629fd1\" data-element_type=\"widget\" data-widget_type=\"text-editor.default\">\n\t\t\t\t<div class=\"elementor-widget-container\">\n\t\t\t\t\t\t\t\t\t<ul><li>Erfolgreiche Kooperation f\u00fcr beide Seiten:<ul><li>Beide Firmen haben \u00e4hnliche Produkte und erweitern jew. ihr Portfolio<\/li><li>JETB konnte die beiden Firmen zusammenbringen und dabei unterst\u00fctzen, eine Unternehmensbeziehung aufzubauen<\/li><li>PSI und Tipton repr\u00e4sentieren die Produkte beider Firmen nun in ihren Regionen\u00a0<\/li><\/ul><\/li><\/ul>\t\t\t\t\t\t\t\t<\/div>\n\t\t\t\t<\/div>\n\t\t\t\t\t<\/div>\n\t\t\t\t<\/div>\n\t\t<div class=\"elementor-element elementor-element-5fc053ff e-con-full e-flex e-con e-parent\" data-id=\"5fc053ff\" data-element_type=\"container\" data-settings=\"{&quot;background_background&quot;:&quot;classic&quot;}\">\n\t\t<div class=\"elementor-element elementor-element-2b45055d e-con-full e-flex e-con e-child\" data-id=\"2b45055d\" data-element_type=\"container\">\n\t\t\t\t<div class=\"elementor-element elementor-element-28c844fb elementor-widget elementor-widget-hfe-infocard\" data-id=\"28c844fb\" data-element_type=\"widget\" data-widget_type=\"hfe-infocard.default\">\n\t\t\t\t<div class=\"elementor-widget-container\">\n\t\t\t\t\t\n\t\t<div class=\"hfe-infocard\">\n\t\t\t\t\t\t\t\t\t<div class=\"hfe-infocard-title-wrap\">\n\t\t\t\t<h2 class=\"hfe-infocard-title elementor-inline-editing\" data-elementor-setting-key=\"infocard_title\" data-elementor-inline-editing-toolbar=\"basic\" >Lassen Sie uns Ihr Produkt in Japan zum Erfolg f\u00fchren.<\/h2>\t\t\t<\/div>\n\t\t\t\t\t\t<div class=\"hfe-infocard-text-wrap\">\n\t\t\t\t<div class=\"hfe-infocard-text elementor-inline-editing\" data-elementor-setting-key=\"infocard_description\" data-elementor-inline-editing-toolbar=\"advanced\">\n\t\t\t\t\tKontaktieren Sie uns, um ihre Markterweiterung zu starten.\t\t\t\t<\/div>\n\t\t\t\t\t\t\t<\/div>\n\t\t<\/div>\n\n\t\t\t\t\t\t<\/div>\n\t\t\t\t<\/div>\n\t\t\t\t<div class=\"elementor-element elementor-element-b295d5b elementor-align-center elementor-widget elementor-widget-button\" data-id=\"b295d5b\" data-element_type=\"widget\" data-widget_type=\"button.default\">\n\t\t\t\t<div class=\"elementor-widget-container\">\n\t\t\t\t\t\t\t\t\t<div class=\"elementor-button-wrapper\">\n\t\t\t\t\t<a class=\"elementor-button elementor-button-link elementor-size-sm\" href=\"https:\/\/jetb.eu\/de\/contact\/\">\n\t\t\t\t\t\t<span class=\"elementor-button-content-wrapper\">\n\t\t\t\t\t\t\t\t\t<span class=\"elementor-button-text\">Kontaktm\u00f6glichkeiten<\/span>\n\t\t\t\t\t<\/span>\n\t\t\t\t\t<\/a>\n\t\t\t\t<\/div>\n\t\t\t\t\t\t\t\t<\/div>\n\t\t\t\t<\/div>\n\t\t\t\t<\/div>\n\t\t\t\t<\/div>\n\t\t\t\t<\/div>","protected":false},"excerpt":{"rendered":"<p>Expand Your Product to Japan Unlock new opportunities in one of the world\u2019s most dynamic markets. At JETB GmbH, we help European businesses bring their products to the Japanese market \u2014 effectively, efficiently, and with cultural precision. From initial market research to finding the right distribution partners, we guide you through every step of your [&hellip;]<\/p>","protected":false},"author":8,"featured_media":0,"parent":0,"menu_order":0,"comment_status":"closed","ping_status":"closed","template":"","meta":{"site-sidebar-layout":"no-sidebar","site-content-layout":"page-builder","ast-site-content-layout":"full-width-container","site-content-style":"unboxed","site-sidebar-style":"unboxed","ast-global-header-display":"","ast-banner-title-visibility":"","ast-main-header-display":"","ast-hfb-above-header-display":"","ast-hfb-below-header-display":"","ast-hfb-mobile-header-display":"","site-post-title":"disabled","ast-breadcrumbs-content":"","ast-featured-img":"disabled","footer-sml-layout":"","theme-transparent-header-meta":"enabled","adv-header-id-meta":"","stick-header-meta":"","header-above-stick-meta":"","header-main-stick-meta":"","header-below-stick-meta":"","astra-migrate-meta-layouts":"set","ast-page-background-enabled":"default","ast-page-background-meta":{"desktop":{"background-color":"var(--ast-global-color-4)","background-image":"","background-repeat":"repeat","background-position":"center center","background-size":"auto","background-attachment":"scroll","background-type":"","background-media":"","overlay-type":"","overlay-color":"","overlay-opacity":"","overlay-gradient":""},"tablet":{"background-color":"","background-image":"","background-repeat":"repeat","background-position":"center center","background-size":"auto","background-attachment":"scroll","background-type":"","background-media":"","overlay-type":"","overlay-color":"","overlay-opacity":"","overlay-gradient":""},"mobile":{"background-color":"","background-image":"","background-repeat":"repeat","background-position":"center center","background-size":"auto","background-attachment":"scroll","background-type":"","background-media":"","overlay-type":"","overlay-color":"","overlay-opacity":"","overlay-gradient":""}},"ast-content-background-meta":{"desktop":{"background-color":"var(--ast-global-color-5)","background-image":"","background-repeat":"repeat","background-position":"center center","background-size":"auto","background-attachment":"scroll","background-type":"","background-media":"","overlay-type":"","overlay-color":"","overlay-opacity":"","overlay-gradient":""},"tablet":{"background-color":"var(--ast-global-color-5)","background-image":"","background-repeat":"repeat","background-position":"center center","background-size":"auto","background-attachment":"scroll","background-type":"","background-media":"","overlay-type":"","overlay-color":"","overlay-opacity":"","overlay-gradient":""},"mobile":{"background-color":"var(--ast-global-color-5)","background-image":"","background-repeat":"repeat","background-position":"center center","background-size":"auto","background-attachment":"scroll","background-type":"","background-media":"","overlay-type":"","overlay-color":"","overlay-opacity":"","overlay-gradient":""}},"footnotes":""},"class_list":["post-1906","page","type-page","status-publish","hentry"],"rttpg_featured_image_url":null,"rttpg_author":{"display_name":"Paula Ruhwandl","author_link":"https:\/\/jetb.eu\/de\/author\/paula\/"},"rttpg_comment":0,"rttpg_category":null,"rttpg_excerpt":"Expand Your Product to Japan Unlock new opportunities in one of the world\u2019s most dynamic markets. At JETB GmbH, we help European businesses bring their products to the Japanese market \u2014 effectively, efficiently, and with cultural precision. From initial market research to finding the right distribution partners, we guide you through every step of your&hellip;","_links":{"self":[{"href":"https:\/\/jetb.eu\/de\/wp-json\/wp\/v2\/pages\/1906","targetHints":{"allow":["GET"]}}],"collection":[{"href":"https:\/\/jetb.eu\/de\/wp-json\/wp\/v2\/pages"}],"about":[{"href":"https:\/\/jetb.eu\/de\/wp-json\/wp\/v2\/types\/page"}],"author":[{"embeddable":true,"href":"https:\/\/jetb.eu\/de\/wp-json\/wp\/v2\/users\/8"}],"replies":[{"embeddable":true,"href":"https:\/\/jetb.eu\/de\/wp-json\/wp\/v2\/comments?post=1906"}],"version-history":[{"count":56,"href":"https:\/\/jetb.eu\/de\/wp-json\/wp\/v2\/pages\/1906\/revisions"}],"predecessor-version":[{"id":2470,"href":"https:\/\/jetb.eu\/de\/wp-json\/wp\/v2\/pages\/1906\/revisions\/2470"}],"wp:attachment":[{"href":"https:\/\/jetb.eu\/de\/wp-json\/wp\/v2\/media?parent=1906"}],"curies":[{"name":"wp","href":"https:\/\/api.w.org\/{rel}","templated":true}]}}