{"id":2006,"date":"2025-09-03T08:21:10","date_gmt":"2025-09-03T08:21:10","guid":{"rendered":"https:\/\/jetb.eu\/?page_id=2006"},"modified":"2025-09-05T09:17:08","modified_gmt":"2025-09-05T09:17:08","slug":"news","status":"publish","type":"page","link":"https:\/\/jetb.eu\/de\/news\/","title":{"rendered":"Neuigkeiten"},"content":{"rendered":"<div data-elementor-type=\"wp-page\" data-elementor-id=\"2006\" class=\"elementor elementor-2006\">\n\t\t\t\t<div class=\"elementor-element elementor-element-rila8m6 e-flex e-con-boxed e-con e-parent\" data-id=\"rila8m6\" data-element_type=\"container\" data-settings=\"{&quot;background_background&quot;:&quot;classic&quot;}\">\n\t\t\t\t\t<div class=\"e-con-inner\">\n\t\t<div class=\"elementor-element elementor-element-8695738 e-con-full e-flex e-con e-child\" data-id=\"8695738\" data-element_type=\"container\">\n\t\t\t\t<div class=\"elementor-element elementor-element-2646c9c elementor-widget elementor-widget-heading\" data-id=\"2646c9c\" data-element_type=\"widget\" data-widget_type=\"heading.default\">\n\t\t\t\t<div class=\"elementor-widget-container\">\n\t\t\t\t\t<h1 class=\"elementor-heading-title elementor-size-default\">Neuigkeiten<\/h1>\t\t\t\t<\/div>\n\t\t\t\t<\/div>\n\t\t\t\t<\/div>\n\t\t\t\t\t<\/div>\n\t\t\t\t<\/div>\n\t\t<div class=\"elementor-element elementor-element-0c74761 e-flex e-con-boxed e-con e-parent\" data-id=\"0c74761\" data-element_type=\"container\">\n\t\t\t\t\t<div class=\"e-con-inner\">\n\t\t\t\t<div class=\"elementor-element elementor-element-d9e248c section-title-style-style4 meta-visibility-show title_position_default title_hover_border_default title-default img_hover_animation_default meta_position_default tpg-is-author-icon-show author-image-visibility-icon tpg-category-position-default readmore-btn-default-style grid-hover-overlay-type-always tpg-el-box-border-enable tpg-border-bottom-disable elementor-widget elementor-widget-tpg-list-layout\" data-id=\"d9e248c\" data-element_type=\"widget\" data-widget_type=\"tpg-list-layout.default\">\n\t\t\t\t<div class=\"elementor-widget-container\">\n\t\t\t\t\t\n        <div class=\"rt-container-fluid rt-tpg-container tpg-el-main-wrapper list-layout1-main\"\n             data-sc-id=\"elementor\"\n             id=\"rt-tpg-container-557593991\"\n             data-layout=\"list-layout1\"\n             data-grid-style=\"tpg-even\"\n             data-el-settings=''\n             data-el-query=''\n             data-el-path=''\n        >\n\t\t\t            <div class='tpg-header-wrapper'>\n\t\t\t\t\n        <div class=\"tpg-widget-heading-wrapper rt-clear heading-style4\">\n            <span class=\"tpg-widget-heading-line line-left\"><\/span>\n\t\t\t<h2 class='tpg-widget-heading'>\n\t\t\t\n\t\t\t\t                    <span>\n\t\t\t\t\t\tNeuste Posts\t\t\t\t\t<\/span>\n\t\t\t\t\t\n\t\t\t\t\t\t\t<\/h2>            <span class=\"tpg-widget-heading-line line-right\"><\/span>\n\n\t\t\t\n        <\/div>\n\n\t\t\n\t\t            <\/div>\n\n            <div data-title=\"Loading ...\" class=\"rt-row rt-content-loader list-layout1 tpg-even list-behaviour list-layout-wrapper\">\n\t\t\t\t\n<div class=\"rt-col-md-12 rt-col-sm-12 rt-col-xs-12 default rt-list-item rt-grid-item\" data-id=\"2358\">\n\t<div class=\"rt-holder tpg-post-holder\">\n\t\t<div class=\"rt-detail rt-el-content-wrapper\">\n\t\t\t\t\t\t\t<div class=\"rt-img-holder tpg-el-image-wrap has-thumbnail\">\n\t\t\t\t\t<a data-id=\"2358\" href=\"https:\/\/jetb.eu\/de\/chuo-precision-at-the-measuring-technology-expo-in-tokio\/\" class=\"tpg-post-link\" target=\"_self\">                        <img fetchpriority=\"high\" decoding=\"async\" src=\"https:\/\/jetb.eu\/wp-content\/uploads\/2025\/09\/Chuo_MTExpo2025.jpg\"\n                             class=\"rt-img-responsive\"\n                             width=\"2560\"\n                             height=\"1920\"\n                             alt=\"Chuo Precision at the Measuring Technology Expo in Tokyo\">\n\t\t\t\t\t\t\n\t\t\t\t\t\t\t\n\t\t<\/a>\n\t\t        <div class=\"overlay grid-hover-content\"><\/div>\n\t\t\t\t\t\t<\/div>\n\t\t\t\n\t\t\t<div class=\"post-right-content\">\n\t\t\t\t<div class=\"entry-title-wrapper\"><h3 class=\"entry-title\"><a data-id=\"2358\" href=\"https:\/\/jetb.eu\/de\/chuo-precision-at-the-measuring-technology-expo-in-tokio\/\" class=\"tpg-post-link\" target=\"_self\">Chuo Precision bei der Measuring Technology Expo in Tokyo<\/a><\/h3><\/div>\n\t\t\t\t\t\t\t\t\t<div class=\"post-meta-tags rt-el-post-meta\">\n\t\t\t\t\t\t            <span class='author'>\n\n\t\t\t\t<i class='flaticon-user'><\/i><span class='author-prefix'>von<\/span><a href=\"https:\/\/jetb.eu\/de\/author\/paula\/\">Paula Ruhwandl<\/a>\t\t\t<\/span>\n\t\t\t            <span class='date'>\n\t\t\t\t<i class='flaticon-calendar'><\/i>\t\t\t\t                    <a href=\"https:\/\/jetb.eu\/de\/2025\/09\/18\/\">\n\t\t\t\t\t18\/09\/2025\t\t\t\t<\/a>\n\t\t\t\t\t\t\t<\/span>\n\t\t\t            <span class='categories-links'>\n\t\t\t\t<i class='flaticon-folder'><\/i><a class=\"chuo\" href=\"https:\/\/jetb.eu\/de\/category\/chuo\/\">Chuo Precision<\/a><span class=\"rt-separator\">,<\/span><a class=\"news\" href=\"https:\/\/jetb.eu\/de\/category\/news\/\">Neuigkeiten<\/a>\t\t\t<\/span>\n\t\t\t\t\t\t\t\t<\/div>\n\t\t\t\t\n\t\t\t\t\t\t\t\t\t<div class=\"tpg-excerpt tpg-el-excerpt\">\n\t\t\t\t\t\t\t\t\t\t\t\t\t<div class=\"tpg-excerpt-inner\">\n\t\t\t\t\t\t\t\tChuo Precision Industrial Co., Ltd. stellte auf der Measuring Technology Expo in Tokio aus, wo sie...\t\t\t\t\t\t\t<\/div>\n\t\t\t\t\t\t\t\t\t\t\t\t\t\t\t\t\t<\/div>\n\t\t\t\t\n\t\t\t\t        <div class=\"post-footer\">\n            <div class=\"post-footer\">\n                <div class=\"read-more\">\n\t\t\t\t\t<a data-id=\"2358\" href=\"https:\/\/jetb.eu\/de\/chuo-precision-at-the-measuring-technology-expo-in-tokio\/\" class=\"tpg-post-link\" target=\"_self\">Weiterlesen<\/a>                <\/div>\n            <\/div>\n        <\/div>\n\t\t\t\t\t<\/div>\n\t\t<\/div>\n\t<\/div>\n<\/div>\n\n<div class=\"rt-col-md-12 rt-col-sm-12 rt-col-xs-12 default rt-list-item rt-grid-item\" data-id=\"2018\">\n\t<div class=\"rt-holder tpg-post-holder\">\n\t\t<div class=\"rt-detail rt-el-content-wrapper\">\n\t\t\t\t\t\t\t<div class=\"rt-img-holder tpg-el-image-wrap has-thumbnail\">\n\t\t\t\t\t<a data-id=\"2018\" href=\"https:\/\/jetb.eu\/de\/new-homepage\/\" class=\"tpg-post-link\" target=\"_self\">                        <img decoding=\"async\" src=\"https:\/\/jetb.eu\/wp-content\/uploads\/2025\/09\/NewHomepage.png\"\n                             class=\"rt-img-responsive\"\n                             width=\"1212\"\n                             height=\"648\"\n                             alt=\"New Homepage\">\n\t\t\t\t\t\t\n\t\t\t\t\t\t\t\n\t\t<\/a>\n\t\t        <div class=\"overlay grid-hover-content\"><\/div>\n\t\t\t\t\t\t<\/div>\n\t\t\t\n\t\t\t<div class=\"post-right-content\">\n\t\t\t\t<div class=\"entry-title-wrapper\"><h3 class=\"entry-title\"><a data-id=\"2018\" href=\"https:\/\/jetb.eu\/de\/new-homepage\/\" class=\"tpg-post-link\" target=\"_self\">Neue Homepage<\/a><\/h3><\/div>\n\t\t\t\t\t\t\t\t\t<div class=\"post-meta-tags rt-el-post-meta\">\n\t\t\t\t\t\t            <span class='author'>\n\n\t\t\t\t<i class='flaticon-user'><\/i><span class='author-prefix'>von<\/span><a href=\"https:\/\/jetb.eu\/de\/author\/paula\/\">Paula Ruhwandl<\/a>\t\t\t<\/span>\n\t\t\t            <span class='date'>\n\t\t\t\t<i class='flaticon-calendar'><\/i>\t\t\t\t                    <a href=\"https:\/\/jetb.eu\/de\/2025\/09\/03\/\">\n\t\t\t\t\t03\/09\/2025\t\t\t\t<\/a>\n\t\t\t\t\t\t\t<\/span>\n\t\t\t            <span class='categories-links'>\n\t\t\t\t<i class='flaticon-folder'><\/i><a class=\"news\" href=\"https:\/\/jetb.eu\/de\/category\/news\/\">Neuigkeiten<\/a>\t\t\t<\/span>\n\t\t\t\t\t\t\t\t<\/div>\n\t\t\t\t\n\t\t\t\t\t\t\t\t\t<div class=\"tpg-excerpt tpg-el-excerpt\">\n\t\t\t\t\t\t\t\t\t\t\t\t\t<div class=\"tpg-excerpt-inner\">\n\t\t\t\t\t\t\t\tWir freuen uns, Ihnen den Start unserer aktualisierten Website bekannt zu geben. Die neue Website spiegelt ...\t\t\t\t\t\t\t<\/div>\n\t\t\t\t\t\t\t\t\t\t\t\t\t\t\t\t\t<\/div>\n\t\t\t\t\n\t\t\t\t        <div class=\"post-footer\">\n            <div class=\"post-footer\">\n                <div class=\"read-more\">\n\t\t\t\t\t<a data-id=\"2018\" href=\"https:\/\/jetb.eu\/de\/new-homepage\/\" class=\"tpg-post-link\" target=\"_self\">Weiterlesen<\/a>                <\/div>\n            <\/div>\n        <\/div>\n\t\t\t\t\t<\/div>\n\t\t<\/div>\n\t<\/div>\n<\/div>\n            <\/div>\n\n\t\t\t\n        <\/div>\n\t\t\t\t\t\t<\/div>\n\t\t\t\t<\/div>\n\t\t\t\t\t<\/div>\n\t\t\t\t<\/div>\n\t\t<div class=\"elementor-element elementor-element-76efbe5a e-con-full e-flex e-con e-parent\" data-id=\"76efbe5a\" data-element_type=\"container\" data-settings=\"{&quot;background_background&quot;:&quot;classic&quot;}\">\n\t\t<div class=\"elementor-element elementor-element-2aef8756 e-con-full e-flex e-con e-child\" data-id=\"2aef8756\" data-element_type=\"container\">\n\t\t\t\t<div class=\"elementor-element elementor-element-66788fd9 elementor-widget elementor-widget-hfe-infocard\" data-id=\"66788fd9\" data-element_type=\"widget\" data-widget_type=\"hfe-infocard.default\">\n\t\t\t\t<div class=\"elementor-widget-container\">\n\t\t\t\t\t\n\t\t<div class=\"hfe-infocard\">\n\t\t\t\t\t\t\t\t\t<div class=\"hfe-infocard-title-wrap\">\n\t\t\t\t<h2 class=\"hfe-infocard-title elementor-inline-editing\" data-elementor-setting-key=\"infocard_title\" data-elementor-inline-editing-toolbar=\"basic\" >M\u00f6chten Sie japanische Produkte importieren oder Ihr Gesch\u00e4ft nach Japan ausweiten?<\/h2>\t\t\t<\/div>\n\t\t\t\t\t\t<div class=\"hfe-infocard-text-wrap\">\n\t\t\t\t<div class=\"hfe-infocard-text elementor-inline-editing\" data-elementor-setting-key=\"infocard_description\" data-elementor-inline-editing-toolbar=\"advanced\">\n\t\t\t\t\tJETB GmbH unterst\u00fctzt Sie bei allen n\u00f6tigen Schritten. Kontaktieren sie uns f\u00fcr pers\u00f6nliche Beratung.\t\t\t\t<\/div>\n\t\t\t\t\t\t\t<\/div>\n\t\t<\/div>\n\n\t\t\t\t\t\t<\/div>\n\t\t\t\t<\/div>\n\t\t\t\t<div class=\"elementor-element elementor-element-460c8e8e elementor-align-center elementor-widget elementor-widget-button\" data-id=\"460c8e8e\" data-element_type=\"widget\" data-widget_type=\"button.default\">\n\t\t\t\t<div class=\"elementor-widget-container\">\n\t\t\t\t\t\t\t\t\t<div class=\"elementor-button-wrapper\">\n\t\t\t\t\t<a class=\"elementor-button elementor-button-link elementor-size-sm\" href=\"https:\/\/jetb.eu\/de\/contact-4\/\">\n\t\t\t\t\t\t<span class=\"elementor-button-content-wrapper\">\n\t\t\t\t\t\t\t\t\t<span class=\"elementor-button-text\">Kontaktm\u00f6glichkeiten<\/span>\n\t\t\t\t\t<\/span>\n\t\t\t\t\t<\/a>\n\t\t\t\t<\/div>\n\t\t\t\t\t\t\t\t<\/div>\n\t\t\t\t<\/div>\n\t\t\t\t<\/div>\n\t\t\t\t<\/div>\n\t\t\t\t<\/div>","protected":false},"excerpt":{"rendered":"<p>News Recent Posts \u4e8b\u52d9\u6240\u79fb\u8ee2\u306e\u3054\u6848\u5185 Bycarola 06\/07\/2021 News,Topics &#8230; Read More Umzug Bycarola 06\/07\/2021 News,Topics &#8230; Read More Relocation Bycarola 06\/07\/2021 News,Topics &#8230; Read More JETB Homepage Bycarola 30\/05\/2016 News,Topics Erneuerung der JETB Homepage&#8230; Read More \u30d1\u30ea\u306e\u5c55\u793a\u4f1a\uff08JEC \u30b7\u30e7\u30fc\uff09\u306b\u51fa\u5c55 ByToru Iwakubo 11\/03\/2016 News,Topics &nbsp; &nbsp; \uff13\u6708\uff18\u301c\uff11\uff10\u65e5\u306b\u30d1\u30ea\u3067\u884c\u308f\u308c\u305f JEC \u30b7\u30e7\u30fc\u306b\u3001\u5f53\u793e\u30af\u30e9\u30a4\u30a2\u30f3\u30c8\u306e\u682a\u5f0f\u4f1a\u793e\u30b7\u30f3\u30ad\u30fc\u304c\u51fa\u5c55\u3044\u305f\u3057\u307e\u3057\u305f\u3002 \u5f53\u793e JETB&#8230; Read More JEC Show Bycarola 11\/03\/2016 News,Topics [&hellip;]<\/p>","protected":false},"author":8,"featured_media":0,"parent":0,"menu_order":0,"comment_status":"closed","ping_status":"closed","template":"","meta":{"site-sidebar-layout":"no-sidebar","site-content-layout":"page-builder","ast-site-content-layout":"full-width-container","site-content-style":"default","site-sidebar-style":"default","ast-global-header-display":"","ast-banner-title-visibility":"","ast-main-header-display":"","ast-hfb-above-header-display":"","ast-hfb-below-header-display":"","ast-hfb-mobile-header-display":"","site-post-title":"disabled","ast-breadcrumbs-content":"","ast-featured-img":"disabled","footer-sml-layout":"","theme-transparent-header-meta":"","adv-header-id-meta":"","stick-header-meta":"","header-above-stick-meta":"","header-main-stick-meta":"","header-below-stick-meta":"","astra-migrate-meta-layouts":"set","ast-page-background-enabled":"default","ast-page-background-meta":{"desktop":{"background-color":"var(--ast-global-color-4)","background-image":"","background-repeat":"repeat","background-position":"center center","background-size":"auto","background-attachment":"scroll","background-type":"","background-media":"","overlay-type":"","overlay-color":"","overlay-opacity":"","overlay-gradient":""},"tablet":{"background-color":"","background-image":"","background-repeat":"repeat","background-position":"center center","background-size":"auto","background-attachment":"scroll","background-type":"","background-media":"","overlay-type":"","overlay-color":"","overlay-opacity":"","overlay-gradient":""},"mobile":{"background-color":"","background-image":"","background-repeat":"repeat","background-position":"center center","background-size":"auto","background-attachment":"scroll","background-type":"","background-media":"","overlay-type":"","overlay-color":"","overlay-opacity":"","overlay-gradient":""}},"ast-content-background-meta":{"desktop":{"background-color":"var(--ast-global-color-5)","background-image":"","background-repeat":"repeat","background-position":"center center","background-size":"auto","background-attachment":"scroll","background-type":"","background-media":"","overlay-type":"","overlay-color":"","overlay-opacity":"","overlay-gradient":""},"tablet":{"background-color":"var(--ast-global-color-5)","background-image":"","background-repeat":"repeat","background-position":"center center","background-size":"auto","background-attachment":"scroll","background-type":"","background-media":"","overlay-type":"","overlay-color":"","overlay-opacity":"","overlay-gradient":""},"mobile":{"background-color":"var(--ast-global-color-5)","background-image":"","background-repeat":"repeat","background-position":"center center","background-size":"auto","background-attachment":"scroll","background-type":"","background-media":"","overlay-type":"","overlay-color":"","overlay-opacity":"","overlay-gradient":""}},"footnotes":""},"class_list":["post-2006","page","type-page","status-publish","hentry"],"rttpg_featured_image_url":null,"rttpg_author":{"display_name":"Paula Ruhwandl","author_link":"https:\/\/jetb.eu\/de\/author\/paula\/"},"rttpg_comment":0,"rttpg_category":"","rttpg_excerpt":"News Recent Posts \u4e8b\u52d9\u6240\u79fb\u8ee2\u306e\u3054\u6848\u5185 Bycarola 06\/07\/2021 News,Topics &#8230; Read More Umzug Bycarola 06\/07\/2021 News,Topics &#8230; Read More Relocation Bycarola 06\/07\/2021 News,Topics &#8230; Read More JETB Homepage Bycarola 30\/05\/2016 News,Topics Erneuerung der JETB Homepage&#8230; Read More \u30d1\u30ea\u306e\u5c55\u793a\u4f1a\uff08JEC \u30b7\u30e7\u30fc\uff09\u306b\u51fa\u5c55 ByToru Iwakubo 11\/03\/2016 News,Topics &nbsp; &nbsp; \uff13\u6708\uff18\u301c\uff11\uff10\u65e5\u306b\u30d1\u30ea\u3067\u884c\u308f\u308c\u305f JEC \u30b7\u30e7\u30fc\u306b\u3001\u5f53\u793e\u30af\u30e9\u30a4\u30a2\u30f3\u30c8\u306e\u682a\u5f0f\u4f1a\u793e\u30b7\u30f3\u30ad\u30fc\u304c\u51fa\u5c55\u3044\u305f\u3057\u307e\u3057\u305f\u3002 \u5f53\u793e JETB&#8230; Read More JEC Show Bycarola 11\/03\/2016 News,Topics&hellip;","_links":{"self":[{"href":"https:\/\/jetb.eu\/de\/wp-json\/wp\/v2\/pages\/2006","targetHints":{"allow":["GET"]}}],"collection":[{"href":"https:\/\/jetb.eu\/de\/wp-json\/wp\/v2\/pages"}],"about":[{"href":"https:\/\/jetb.eu\/de\/wp-json\/wp\/v2\/types\/page"}],"author":[{"embeddable":true,"href":"https:\/\/jetb.eu\/de\/wp-json\/wp\/v2\/users\/8"}],"replies":[{"embeddable":true,"href":"https:\/\/jetb.eu\/de\/wp-json\/wp\/v2\/comments?post=2006"}],"version-history":[{"count":7,"href":"https:\/\/jetb.eu\/de\/wp-json\/wp\/v2\/pages\/2006\/revisions"}],"predecessor-version":[{"id":2013,"href":"https:\/\/jetb.eu\/de\/wp-json\/wp\/v2\/pages\/2006\/revisions\/2013"}],"wp:attachment":[{"href":"https:\/\/jetb.eu\/de\/wp-json\/wp\/v2\/media?parent=2006"}],"curies":[{"name":"wp","href":"https:\/\/api.w.org\/{rel}","templated":true}]}}